{"id":58,"date":"2024-04-15T11:51:33","date_gmt":"2024-04-15T11:51:33","guid":{"rendered":"https:\/\/gurustudio.es\/?page_id=58"},"modified":"2024-12-05T11:23:00","modified_gmt":"2024-12-05T11:23:00","slug":"about-us","status":"publish","type":"page","link":"https:\/\/gurustudio.es\/?page_id=58","title":{"rendered":"About us"},"content":{"rendered":"\t\t<div data-elementor-type=\"wp-page\" data-elementor-id=\"58\" class=\"elementor elementor-58\" data-elementor-post-type=\"page\">\n\t\t\t\t<div class=\"elementor-element elementor-element-3bae804 elementor-hidden-mobile e-flex e-con-boxed e-con e-parent\" data-id=\"3bae804\" data-element_type=\"container\">\n\t\t\t\t\t<div class=\"e-con-inner\">\n\t\t<div class=\"elementor-element elementor-element-613517a e-con-full e-flex e-con e-child\" data-id=\"613517a\" data-element_type=\"container\">\n\t\t\t\t<div class=\"elementor-element elementor-element-7fbb562 elementor-widget elementor-widget-spacer\" data-id=\"7fbb562\" data-element_type=\"widget\" data-widget_type=\"spacer.default\">\n\t\t\t\t<div class=\"elementor-widget-container\">\n\t\t\t\t\t\t\t<div class=\"elementor-spacer\">\n\t\t\t<div class=\"elementor-spacer-inner\"><\/div>\n\t\t<\/div>\n\t\t\t\t\t\t<\/div>\n\t\t\t\t<\/div>\n\t\t\t\t<div class=\"elementor-element elementor-element-6af5ef4 elementor-widget elementor-widget-heading\" data-id=\"6af5ef4\" data-element_type=\"widget\" data-widget_type=\"heading.default\">\n\t\t\t\t<div class=\"elementor-widget-container\">\n\t\t\t\t\t<h2 class=\"elementor-heading-title elementor-size-default\">hello.<\/h2>\t\t\t\t<\/div>\n\t\t\t\t<\/div>\n\t\t\t\t<div class=\"elementor-element elementor-element-4faad55 elementor-widget elementor-widget-text-editor\" data-id=\"4faad55\" data-element_type=\"widget\" data-widget_type=\"text-editor.default\">\n\t\t\t\t<div class=\"elementor-widget-container\">\n\t\t\t\t\t\t\t\t\t<p>We are true design gurus, experts in dazzling strategies, and masters of the creative art<\/p>\t\t\t\t\t\t\t\t<\/div>\n\t\t\t\t<\/div>\n\t\t\t\t<\/div>\n\t\t<div class=\"elementor-element elementor-element-bc2175c e-con-full e-flex e-con e-child\" data-id=\"bc2175c\" data-element_type=\"container\">\n\t\t\t\t<div class=\"elementor-element elementor-element-dc0dd05 elementor-widget elementor-widget-spacer\" data-id=\"dc0dd05\" data-element_type=\"widget\" data-widget_type=\"spacer.default\">\n\t\t\t\t<div class=\"elementor-widget-container\">\n\t\t\t\t\t\t\t<div class=\"elementor-spacer\">\n\t\t\t<div class=\"elementor-spacer-inner\"><\/div>\n\t\t<\/div>\n\t\t\t\t\t\t<\/div>\n\t\t\t\t<\/div>\n\t\t<div class=\"elementor-element elementor-element-063ca4d e-con-full e-flex e-con e-child\" data-id=\"063ca4d\" data-element_type=\"container\">\n\t\t\t\t<div class=\"elementor-element elementor-element-53a6da4 elementor-widget elementor-widget-text-editor\" data-id=\"53a6da4\" data-element_type=\"widget\" data-widget_type=\"text-editor.default\">\n\t\t\t\t<div class=\"elementor-widget-container\">\n\t\t\t\t\t\t\t\t\t<p>WE SPEAK ENGLISH,<\/p><p>SPANISH AND FRENCH<\/p>\t\t\t\t\t\t\t\t<\/div>\n\t\t\t\t<\/div>\n\t\t\t\t<div class=\"elementor-element elementor-element-102764d elementor-view-default elementor-widget elementor-widget-icon\" data-id=\"102764d\" data-element_type=\"widget\" data-widget_type=\"icon.default\">\n\t\t\t\t<div class=\"elementor-widget-container\">\n\t\t\t\t\t\t\t<div class=\"elementor-icon-wrapper\">\n\t\t\t<div class=\"elementor-icon\">\n\t\t\t<svg xmlns=\"http:\/\/www.w3.org\/2000\/svg\" width=\"48\" height=\"48\" viewBox=\"0 0 48 48\" fill=\"none\"><path d=\"M11.52 28.8C12.6546 31.36 16.7389 36.48 24 36.48C31.2611 36.48 35.3455 31.36 36.48 28.8\" stroke=\"black\" stroke-width=\"4\"><\/path><circle cx=\"24\" cy=\"24\" r=\"22\" stroke=\"black\" stroke-width=\"4\"><\/circle><ellipse cx=\"19.5\" cy=\"19\" rx=\"2.5\" ry=\"4\" fill=\"black\"><\/ellipse><ellipse cx=\"28.5\" cy=\"19\" rx=\"2.5\" ry=\"4\" fill=\"black\"><\/ellipse><\/svg>\t\t\t<\/div>\n\t\t<\/div>\n\t\t\t\t\t\t<\/div>\n\t\t\t\t<\/div>\n\t\t\t\t<\/div>\n\t\t\t\t<div class=\"elementor-element elementor-element-8c170f1 elementor-widget elementor-widget-text-editor\" data-id=\"8c170f1\" data-element_type=\"widget\" data-widget_type=\"text-editor.default\">\n\t\t\t\t<div class=\"elementor-widget-container\">\n\t\t\t\t\t\t\t\t\t<p>\/\/2024<\/p>\t\t\t\t\t\t\t\t<\/div>\n\t\t\t\t<\/div>\n\t\t\t\t<\/div>\n\t\t\t\t\t<\/div>\n\t\t\t\t<\/div>\n\t\t<div class=\"elementor-element elementor-element-ac23f01 elementor-hidden-desktop elementor-hidden-tablet e-flex e-con-boxed e-con e-parent\" data-id=\"ac23f01\" data-element_type=\"container\">\n\t\t\t\t\t<div class=\"e-con-inner\">\n\t\t<div class=\"elementor-element elementor-element-bdaa8ad e-con-full elementor-hidden-desktop elementor-hidden-tablet e-flex e-con e-child\" data-id=\"bdaa8ad\" data-element_type=\"container\">\n\t\t\t\t<div class=\"elementor-element elementor-element-00bbacd elementor-widget elementor-widget-spacer\" data-id=\"00bbacd\" data-element_type=\"widget\" data-widget_type=\"spacer.default\">\n\t\t\t\t<div class=\"elementor-widget-container\">\n\t\t\t\t\t\t\t<div class=\"elementor-spacer\">\n\t\t\t<div class=\"elementor-spacer-inner\"><\/div>\n\t\t<\/div>\n\t\t\t\t\t\t<\/div>\n\t\t\t\t<\/div>\n\t\t<div class=\"elementor-element elementor-element-d5abe8f e-con-full e-flex e-con e-child\" data-id=\"d5abe8f\" data-element_type=\"container\">\n\t\t\t\t<div class=\"elementor-element elementor-element-d7be756 elementor-widget__width-initial elementor-widget elementor-widget-text-editor\" data-id=\"d7be756\" data-element_type=\"widget\" data-widget_type=\"text-editor.default\">\n\t\t\t\t<div class=\"elementor-widget-container\">\n\t\t\t\t\t\t\t\t\t<p><b>WE SPEAK ENGLISH, SPANISH AND FRENCH<\/b><\/p>\t\t\t\t\t\t\t\t<\/div>\n\t\t\t\t<\/div>\n\t\t\t\t<div class=\"elementor-element elementor-element-72be448 elementor-widget__width-initial elementor-view-default elementor-widget elementor-widget-icon\" data-id=\"72be448\" data-element_type=\"widget\" data-widget_type=\"icon.default\">\n\t\t\t\t<div class=\"elementor-widget-container\">\n\t\t\t\t\t\t\t<div class=\"elementor-icon-wrapper\">\n\t\t\t<div class=\"elementor-icon\">\n\t\t\t<svg aria-hidden=\"true\" class=\"e-font-icon-svg e-far-smile\" viewBox=\"0 0 496 512\" xmlns=\"http:\/\/www.w3.org\/2000\/svg\"><path d=\"M248 8C111 8 0 119 0 256s111 248 248 248 248-111 248-248S385 8 248 8zm0 448c-110.3 0-200-89.7-200-200S137.7 56 248 56s200 89.7 200 200-89.7 200-200 200zm-80-216c17.7 0 32-14.3 32-32s-14.3-32-32-32-32 14.3-32 32 14.3 32 32 32zm160 0c17.7 0 32-14.3 32-32s-14.3-32-32-32-32 14.3-32 32 14.3 32 32 32zm4 72.6c-20.8 25-51.5 39.4-84 39.4s-63.2-14.3-84-39.4c-8.5-10.2-23.7-11.5-33.8-3.1-10.2 8.5-11.5 23.6-3.1 33.8 30 36 74.1 56.6 120.9 56.6s90.9-20.6 120.9-56.6c8.5-10.2 7.1-25.3-3.1-33.8-10.1-8.4-25.3-7.1-33.8 3.1z\"><\/path><\/svg>\t\t\t<\/div>\n\t\t<\/div>\n\t\t\t\t\t\t<\/div>\n\t\t\t\t<\/div>\n\t\t\t\t<\/div>\n\t\t\t\t<div class=\"elementor-element elementor-element-4900a54 elementor-widget elementor-widget-spacer\" data-id=\"4900a54\" data-element_type=\"widget\" data-widget_type=\"spacer.default\">\n\t\t\t\t<div class=\"elementor-widget-container\">\n\t\t\t\t\t\t\t<div class=\"elementor-spacer\">\n\t\t\t<div class=\"elementor-spacer-inner\"><\/div>\n\t\t<\/div>\n\t\t\t\t\t\t<\/div>\n\t\t\t\t<\/div>\n\t\t\t\t<div class=\"elementor-element elementor-element-ebe1572 elementor-widget elementor-widget-heading\" data-id=\"ebe1572\" data-element_type=\"widget\" data-widget_type=\"heading.default\">\n\t\t\t\t<div class=\"elementor-widget-container\">\n\t\t\t\t\t<h2 class=\"elementor-heading-title elementor-size-default\">hello.<\/h2>\t\t\t\t<\/div>\n\t\t\t\t<\/div>\n\t\t\t\t<div class=\"elementor-element elementor-element-af8fa5d elementor-widget elementor-widget-spacer\" data-id=\"af8fa5d\" data-element_type=\"widget\" data-widget_type=\"spacer.default\">\n\t\t\t\t<div class=\"elementor-widget-container\">\n\t\t\t\t\t\t\t<div class=\"elementor-spacer\">\n\t\t\t<div class=\"elementor-spacer-inner\"><\/div>\n\t\t<\/div>\n\t\t\t\t\t\t<\/div>\n\t\t\t\t<\/div>\n\t\t<div class=\"elementor-element elementor-element-7c5bc04 e-con-full e-flex e-con e-child\" data-id=\"7c5bc04\" data-element_type=\"container\">\n\t\t\t\t<div class=\"elementor-element elementor-element-c4ae770 elementor-widget__width-initial elementor-widget elementor-widget-text-editor\" data-id=\"c4ae770\" data-element_type=\"widget\" data-widget_type=\"text-editor.default\">\n\t\t\t\t<div class=\"elementor-widget-container\">\n\t\t\t\t\t\t\t\t\t<p>We are true design gurus, experts in dazzling strategies, and masters of the creative art<\/p>\t\t\t\t\t\t\t\t<\/div>\n\t\t\t\t<\/div>\n\t\t\t\t<div class=\"elementor-element elementor-element-e9ffbe5 elementor-widget__width-initial elementor-widget elementor-widget-text-editor\" data-id=\"e9ffbe5\" data-element_type=\"widget\" data-widget_type=\"text-editor.default\">\n\t\t\t\t<div class=\"elementor-widget-container\">\n\t\t\t\t\t\t\t\t\t<p>\/\/2023<\/p>\t\t\t\t\t\t\t\t<\/div>\n\t\t\t\t<\/div>\n\t\t\t\t<\/div>\n\t\t\t\t<\/div>\n\t\t\t\t\t<\/div>\n\t\t\t\t<\/div>\n\t\t<div class=\"elementor-element elementor-element-0511c13 e-con-full elementor-hidden-mobile e-flex e-con e-parent\" data-id=\"0511c13\" data-element_type=\"container\" data-settings=\"{&quot;background_background&quot;:&quot;classic&quot;}\">\n\t\t\t\t<\/div>\n\t\t<div class=\"elementor-element elementor-element-7940f9c elementor-hidden-desktop elementor-hidden-tablet e-flex e-con-boxed e-con e-parent\" data-id=\"7940f9c\" data-element_type=\"container\" data-settings=\"{&quot;background_background&quot;:&quot;classic&quot;}\">\n\t\t\t\t\t<div class=\"e-con-inner\">\n\t\t\t\t\t<\/div>\n\t\t\t\t<\/div>\n\t\t<div class=\"elementor-element elementor-element-8e04af6 e-con-full e-flex e-con e-parent\" data-id=\"8e04af6\" data-element_type=\"container\" data-settings=\"{&quot;background_background&quot;:&quot;classic&quot;}\">\n\t\t<div class=\"elementor-element elementor-element-2f9a9b9 e-con-full e-flex e-con e-child\" data-id=\"2f9a9b9\" data-element_type=\"container\" data-settings=\"{&quot;background_background&quot;:&quot;classic&quot;}\">\n\t\t\t\t<div class=\"elementor-element elementor-element-0870a6e elementor-view-default elementor-widget elementor-widget-icon\" data-id=\"0870a6e\" data-element_type=\"widget\" data-widget_type=\"icon.default\">\n\t\t\t\t<div class=\"elementor-widget-container\">\n\t\t\t\t\t\t\t<div class=\"elementor-icon-wrapper\">\n\t\t\t<div class=\"elementor-icon\">\n\t\t\t<svg xmlns=\"http:\/\/www.w3.org\/2000\/svg\" id=\"Capa_1\" viewBox=\"0 0 4.09 7.21\"><defs><style>      .cls-1 {        fill: none;        stroke: #fff;        stroke-miterlimit: 10;        stroke-width: .25px;      }    <\/style><\/defs><g id=\"Capa_1-2\" data-name=\"Capa_1\"><path class=\"cls-1\" d=\"M4.09,5.21c-.94,0-2.04.85-2.04,2V0\"><\/path><path class=\"cls-1\" d=\"M0,5.21c.94,0,2.04.85,2.04,2V0\"><\/path><\/g><\/svg>\t\t\t<\/div>\n\t\t<\/div>\n\t\t\t\t\t\t<\/div>\n\t\t\t\t<\/div>\n\t\t\t\t<div class=\"elementor-element elementor-element-be49f17 elementor-widget__width-initial elementor-widget elementor-widget-heading\" data-id=\"be49f17\" data-element_type=\"widget\" data-widget_type=\"heading.default\">\n\t\t\t\t<div class=\"elementor-widget-container\">\n\t\t\t\t\t<h2 class=\"elementor-heading-title elementor-size-default\">We are true design gurus, experts in dazzling strategies, and masters of the creative art \ud83d\ude42<\/h2>\t\t\t\t<\/div>\n\t\t\t\t<\/div>\n\t\t\t\t<\/div>\n\t\t\t\t<\/div>\n\t\t<div class=\"elementor-element elementor-element-6b699a1 e-flex e-con-boxed e-con e-parent\" data-id=\"6b699a1\" data-element_type=\"container\" data-settings=\"{&quot;background_background&quot;:&quot;classic&quot;}\">\n\t\t\t\t\t<div class=\"e-con-inner\">\n\t\t<div class=\"elementor-element elementor-element-6aba822 e-con-full e-flex e-con e-child\" data-id=\"6aba822\" data-element_type=\"container\">\n\t\t\t\t<div class=\"elementor-element elementor-element-117bd38 elementor-widget elementor-widget-heading\" data-id=\"117bd38\" data-element_type=\"widget\" data-widget_type=\"heading.default\">\n\t\t\t\t<div class=\"elementor-widget-container\">\n\t\t\t\t\t<h2 class=\"elementor-heading-title elementor-size-default\">Strategic<\/h2>\t\t\t\t<\/div>\n\t\t\t\t<\/div>\n\t\t\t\t<\/div>\n\t\t<div class=\"elementor-element elementor-element-0b06d01 e-con-full e-flex e-con e-child\" data-id=\"0b06d01\" data-element_type=\"container\">\n\t\t\t\t<div class=\"elementor-element elementor-element-7d75b62 elementor-widget elementor-widget-text-editor\" data-id=\"7d75b62\" data-element_type=\"widget\" data-widget_type=\"text-editor.default\">\n\t\t\t\t<div class=\"elementor-widget-container\">\n\t\t\t\t\t\t\t\t\t<p>Somos verdaderos gur\u00fas del dise\u00f1o, expertos en estrategias deslumbrantes y maestros del arte creativoSomos verdaderos gur\u00fas del dise\u00f1o<\/p>\t\t\t\t\t\t\t\t<\/div>\n\t\t\t\t<\/div>\n\t\t\t\t<\/div>\n\t\t\t\t<div class=\"elementor-element elementor-element-7f5cd81 elementor-widget-divider--view-line elementor-widget elementor-widget-divider\" data-id=\"7f5cd81\" data-element_type=\"widget\" data-widget_type=\"divider.default\">\n\t\t\t\t<div class=\"elementor-widget-container\">\n\t\t\t\t\t\t\t<div class=\"elementor-divider\">\n\t\t\t<span class=\"elementor-divider-separator\">\n\t\t\t\t\t\t<\/span>\n\t\t<\/div>\n\t\t\t\t\t\t<\/div>\n\t\t\t\t<\/div>\n\t\t<div class=\"elementor-element elementor-element-c491894 e-con-full e-flex e-con e-child\" data-id=\"c491894\" data-element_type=\"container\">\n\t\t\t\t<div class=\"elementor-element elementor-element-6aba269 elementor-widget elementor-widget-heading\" data-id=\"6aba269\" data-element_type=\"widget\" data-widget_type=\"heading.default\">\n\t\t\t\t<div class=\"elementor-widget-container\">\n\t\t\t\t\t<h2 class=\"elementor-heading-title elementor-size-default\">UI\/UX<\/h2>\t\t\t\t<\/div>\n\t\t\t\t<\/div>\n\t\t\t\t<\/div>\n\t\t<div class=\"elementor-element elementor-element-702f77b e-con-full e-flex e-con e-child\" data-id=\"702f77b\" data-element_type=\"container\">\n\t\t\t\t<div class=\"elementor-element elementor-element-f2dc734 elementor-widget elementor-widget-text-editor\" data-id=\"f2dc734\" data-element_type=\"widget\" data-widget_type=\"text-editor.default\">\n\t\t\t\t<div class=\"elementor-widget-container\">\n\t\t\t\t\t\t\t\t\t<p>Somos verdaderos gur\u00fas del dise\u00f1o, expertos en estrategias deslumbrantes y maestros del arte creativoSomos verdaderos gur\u00fas del dise\u00f1o<\/p>\t\t\t\t\t\t\t\t<\/div>\n\t\t\t\t<\/div>\n\t\t\t\t<\/div>\n\t\t\t\t<div class=\"elementor-element elementor-element-da8061b elementor-widget-divider--view-line elementor-widget elementor-widget-divider\" data-id=\"da8061b\" data-element_type=\"widget\" data-widget_type=\"divider.default\">\n\t\t\t\t<div class=\"elementor-widget-container\">\n\t\t\t\t\t\t\t<div class=\"elementor-divider\">\n\t\t\t<span class=\"elementor-divider-separator\">\n\t\t\t\t\t\t<\/span>\n\t\t<\/div>\n\t\t\t\t\t\t<\/div>\n\t\t\t\t<\/div>\n\t\t<div class=\"elementor-element elementor-element-e858237 e-con-full e-flex e-con e-child\" data-id=\"e858237\" data-element_type=\"container\">\n\t\t\t\t<div class=\"elementor-element elementor-element-ecf7ef4 elementor-widget elementor-widget-heading\" data-id=\"ecf7ef4\" data-element_type=\"widget\" data-widget_type=\"heading.default\">\n\t\t\t\t<div class=\"elementor-widget-container\">\n\t\t\t\t\t<h2 class=\"elementor-heading-title elementor-size-default\">Branding<\/h2>\t\t\t\t<\/div>\n\t\t\t\t<\/div>\n\t\t\t\t<\/div>\n\t\t<div class=\"elementor-element elementor-element-0ac2bf0 e-con-full e-flex e-con e-child\" data-id=\"0ac2bf0\" data-element_type=\"container\">\n\t\t\t\t<div class=\"elementor-element elementor-element-3b4c2aa elementor-widget elementor-widget-text-editor\" data-id=\"3b4c2aa\" data-element_type=\"widget\" data-widget_type=\"text-editor.default\">\n\t\t\t\t<div class=\"elementor-widget-container\">\n\t\t\t\t\t\t\t\t\t<p>Somos verdaderos gur\u00fas del dise\u00f1o, expertos en estrategias deslumbrantes y maestros del arte creativoSomos verdaderos gur\u00fas del dise\u00f1o<\/p>\t\t\t\t\t\t\t\t<\/div>\n\t\t\t\t<\/div>\n\t\t\t\t<\/div>\n\t\t\t\t<div class=\"elementor-element elementor-element-3649e93 elementor-widget-divider--view-line elementor-widget elementor-widget-divider\" data-id=\"3649e93\" data-element_type=\"widget\" data-widget_type=\"divider.default\">\n\t\t\t\t<div class=\"elementor-widget-container\">\n\t\t\t\t\t\t\t<div class=\"elementor-divider\">\n\t\t\t<span class=\"elementor-divider-separator\">\n\t\t\t\t\t\t<\/span>\n\t\t<\/div>\n\t\t\t\t\t\t<\/div>\n\t\t\t\t<\/div>\n\t\t<div class=\"elementor-element elementor-element-e3ec0ab e-con-full e-flex e-con e-child\" data-id=\"e3ec0ab\" data-element_type=\"container\">\n\t\t\t\t<div class=\"elementor-element elementor-element-d749216 elementor-widget elementor-widget-heading\" data-id=\"d749216\" data-element_type=\"widget\" data-widget_type=\"heading.default\">\n\t\t\t\t<div class=\"elementor-widget-container\">\n\t\t\t\t\t<h2 class=\"elementor-heading-title elementor-size-default\">Communication<\/h2>\t\t\t\t<\/div>\n\t\t\t\t<\/div>\n\t\t\t\t<\/div>\n\t\t<div class=\"elementor-element elementor-element-1d7a45a e-con-full e-flex e-con e-child\" data-id=\"1d7a45a\" data-element_type=\"container\">\n\t\t\t\t<div class=\"elementor-element elementor-element-89e23ef elementor-widget elementor-widget-text-editor\" data-id=\"89e23ef\" data-element_type=\"widget\" data-widget_type=\"text-editor.default\">\n\t\t\t\t<div class=\"elementor-widget-container\">\n\t\t\t\t\t\t\t\t\t<p>Somos verdaderos gur\u00fas del dise\u00f1o, expertos en estrategias deslumbrantes y maestros del arte creativoSomos verdaderos gur\u00fas del dise\u00f1o<\/p>\t\t\t\t\t\t\t\t<\/div>\n\t\t\t\t<\/div>\n\t\t\t\t<\/div>\n\t\t\t\t\t<\/div>\n\t\t\t\t<\/div>\n\t\t\t\t<\/div>\n\t\t","protected":false},"excerpt":{"rendered":"<p>hello. We are true design gurus, experts in dazzling strategies, and masters of the creative art WE SPEAK ENGLISH, SPANISH AND FRENCH \/\/2024 WE SPEAK ENGLISH, SPANISH AND FRENCH hello. We are true design gurus, experts in dazzling strategies, and masters of the creative art \/\/2023 We are true design gurus, experts in dazzling strategies, [&hellip;]<\/p>\n","protected":false},"author":1,"featured_media":0,"parent":0,"menu_order":0,"comment_status":"closed","ping_status":"closed","template":"","meta":{"_acf_changed":false,"footnotes":""},"class_list":["post-58","page","type-page","status-publish","hentry"],"acf":[],"_links":{"self":[{"href":"https:\/\/gurustudio.es\/index.php?rest_route=\/wp\/v2\/pages\/58"}],"collection":[{"href":"https:\/\/gurustudio.es\/index.php?rest_route=\/wp\/v2\/pages"}],"about":[{"href":"https:\/\/gurustudio.es\/index.php?rest_route=\/wp\/v2\/types\/page"}],"author":[{"embeddable":true,"href":"https:\/\/gurustudio.es\/index.php?rest_route=\/wp\/v2\/users\/1"}],"replies":[{"embeddable":true,"href":"https:\/\/gurustudio.es\/index.php?rest_route=%2Fwp%2Fv2%2Fcomments&post=58"}],"version-history":[{"count":310,"href":"https:\/\/gurustudio.es\/index.php?rest_route=\/wp\/v2\/pages\/58\/revisions"}],"predecessor-version":[{"id":3944,"href":"https:\/\/gurustudio.es\/index.php?rest_route=\/wp\/v2\/pages\/58\/revisions\/3944"}],"wp:attachment":[{"href":"https:\/\/gurustudio.es\/index.php?rest_route=%2Fwp%2Fv2%2Fmedia&parent=58"}],"curies":[{"name":"wp","href":"https:\/\/api.w.org\/{rel}","templated":true}]}}